{"id":906,"date":"2016-05-09T09:19:52","date_gmt":"2016-05-09T09:19:52","guid":{"rendered":"http:\/\/wp.magnium-themes.com\/thebuilt\/thebuilt-2\/?page_id=906"},"modified":"2024-10-23T16:58:52","modified_gmt":"2024-10-23T13:58:52","slug":"our-projects","status":"publish","type":"page","link":"https:\/\/www.bayedi.com.tr\/en\/our-projects\/","title":{"rendered":"Our Projects"},"content":{"rendered":"<div class=\"wpb-content-wrapper\"><p>[vc_row][vc_column]<div class=\"mgt-header-block clearfix text-left text-black wpb_content_element  mgt-header-block-style-2 mgt-header-texttransform-header  vc_custom_1729692185649\"><h2 class=\"mgt-header-block-title\">All Our Projects<\/h2><div class=\"mgt-header-line\"><\/div><\/div>[\/vc_column][\/vc_row][vc_row][vc_column][vc_column_text css=&#8221;&#8221;]<span class=\"HwtZe\" lang=\"en\"><span class=\"jCAhz ChMk0b\"><span class=\"ryNqvb\">We bring together expertise across services, markets and geographies in shading systems to deliver transformative results.<\/span><\/span> <span class=\"jCAhz ChMk0b\"><span class=\"ryNqvb\">We design projects and programs that unlock opportunities worldwide.<\/span><\/span> <span class=\"jCAhz ChMk0b\"><span class=\"ryNqvb\">We deliver the best results in the zip screen industry.<\/span><\/span><\/span>[\/vc_column_text][\/vc_column][\/vc_row][vc_row][vc_column]\n\t\t<div class=\"row portfolio-filter filter-left\">\n\t\t<div class=\"col-md-12\">\n\t\t<a class=\"filter\" data-filter=\"all\">All<\/a><a class=\"filter\" data-filter=\".housing\">Housing<\/a><a class=\"filter\" data-filter=\".offices\">Offices<\/a><a class=\"filter\" data-filter=\".winter-garden\">Winter Garden<\/a>\t\t<\/div>\n\t<\/div>\n\t\n\t<div class=\"portfolio-list portfolio-columns-4 portfolio-grid-layout-3 clearfix\" id=\"portfolio-list\">\n\n\t\t<div class=\"portfolio-item-block portfolio-item-animation-3 mix housing\" data-item=\"1\" data-name=\"Residence 1\">\n\t<div class=\"portfolio-item-block-inside\">\n\t  <a href=\"https:\/\/www.bayedi.com.tr\/en\/project\/residence-1\/\" target=\"_self\" rel=\"\" title=\"Residence 1\">\n\t    <div class=\"portfolio-item-image\" data-style=\"background-image: url(https:\/\/www.bayedi.com.tr\/en\/wp-content\/uploads\/2016\/03\/zip-perde-konut.png);\"><\/div>\n\t    <div class=\"portfolio-item-bg\"><\/div>\n\t    <div class=\"info\">\n\t      <span class=\"sub-title\">Housing<\/span>\n\t      <h4 class=\"title\">Residence 1<\/h4>\n\t      \t      <div class=\"project-description\">Antalya, T\u00fcrkiye<\/div>\n\t  \t  \t      \t      <div class=\"view-more btn mgt-button\">View more<\/div>\n\t  \t  \t    <\/div>\n\t  <\/a>\n\t<\/div>\n\t<\/div>\n\t\t<div class=\"portfolio-item-block portfolio-item-animation-3 mix winter-garden\" data-item=\"2\" data-name=\"Winter Garden\">\n\t<div class=\"portfolio-item-block-inside\">\n\t  <a href=\"https:\/\/www.bayedi.com.tr\/en\/project\/winter-garden\/\" target=\"_self\" rel=\"\" title=\"Winter Garden\">\n\t    <div class=\"portfolio-item-image\" data-style=\"background-image: url(https:\/\/www.bayedi.com.tr\/en\/wp-content\/uploads\/2016\/03\/kis-bahcesi-bayedi1.png);\"><\/div>\n\t    <div class=\"portfolio-item-bg\"><\/div>\n\t    <div class=\"info\">\n\t      <span class=\"sub-title\">Winter Garden<\/span>\n\t      <h4 class=\"title\">Winter Garden<\/h4>\n\t      \t      <div class=\"project-description\">K\u0131\u015f Bah\u00e7esi<\/div>\n\t  \t  \t      \t      <div class=\"view-more btn mgt-button\">View more<\/div>\n\t  \t  \t    <\/div>\n\t  <\/a>\n\t<\/div>\n\t<\/div>\n\t\t<div class=\"portfolio-item-block portfolio-item-animation-3 mix offices\" data-item=\"3\" data-name=\"Maslak Office\">\n\t<div class=\"portfolio-item-block-inside\">\n\t  <a href=\"https:\/\/www.bayedi.com.tr\/en\/project\/maslak-office\/\" target=\"_self\" rel=\"\" title=\"Maslak Office\">\n\t    <div class=\"portfolio-item-image\" data-style=\"background-image: url(https:\/\/www.bayedi.com.tr\/en\/wp-content\/uploads\/2016\/03\/ofis-cati-zip-perde-1.jpeg);\"><\/div>\n\t    <div class=\"portfolio-item-bg\"><\/div>\n\t    <div class=\"info\">\n\t      <span class=\"sub-title\">Offices<\/span>\n\t      <h4 class=\"title\">Maslak Office<\/h4>\n\t      \t      <div class=\"project-description\">Maslak, \u0130stanbul<\/div>\n\t  \t  \t      \t      <div class=\"view-more btn mgt-button\">View more<\/div>\n\t  \t  \t    <\/div>\n\t  <\/a>\n\t<\/div>\n\t<\/div>\n\t\t<div class=\"portfolio-item-block portfolio-item-animation-3 mix offices\" data-item=\"1\" data-name=\"Shopping centre\">\n\t<div class=\"portfolio-item-block-inside\">\n\t  <a href=\"https:\/\/www.bayedi.com.tr\/en\/project\/shopping-centre\/\" target=\"_self\" rel=\"\" title=\"Shopping centre\">\n\t    <div class=\"portfolio-item-image\" data-style=\"background-image: url(https:\/\/www.bayedi.com.tr\/en\/wp-content\/uploads\/2016\/03\/magaza-zip-perde-1000x1024.png);\"><\/div>\n\t    <div class=\"portfolio-item-bg\"><\/div>\n\t    <div class=\"info\">\n\t      <span class=\"sub-title\">Offices<\/span>\n\t      <h4 class=\"title\">Shopping centre<\/h4>\n\t      \t      <div class=\"project-description\">Ma\u011faza<\/div>\n\t  \t  \t      \t      <div class=\"view-more btn mgt-button\">View more<\/div>\n\t  \t  \t    <\/div>\n\t  <\/a>\n\t<\/div>\n\t<\/div>\n\t\t         \n\t\n\t<\/div>\n\n\n<script>(function($){\n\t    $(document).ready(function() {\n\n\t\t    $(\"#portfolio-list\").mixItUp({effects:[\"fade\",\"scale\"],easing:\"snap\"});\n\n\t    });})(jQuery);<\/script>[\/vc_column][\/vc_row]<\/p>\n<\/div>","protected":false},"excerpt":{"rendered":"<p>[vc_row][vc_column][\/vc_column][\/vc_row][vc_row][vc_column][vc_column_text css=&#8221;&#8221;]We bring together expertise across services, markets and geographies in shading systems to deliver transformative results. We design projects and programs that unlock opportunities worldwide. We deliver the best&#8230;<\/p>\n","protected":false},"author":1,"featured_media":0,"parent":0,"menu_order":0,"comment_status":"closed","ping_status":"closed","template":"","meta":{"footnotes":""},"class_list":["post-906","page","type-page","status-publish","hentry"],"aioseo_notices":[],"_links":{"self":[{"href":"https:\/\/www.bayedi.com.tr\/en\/wp-json\/wp\/v2\/pages\/906","targetHints":{"allow":["GET"]}}],"collection":[{"href":"https:\/\/www.bayedi.com.tr\/en\/wp-json\/wp\/v2\/pages"}],"about":[{"href":"https:\/\/www.bayedi.com.tr\/en\/wp-json\/wp\/v2\/types\/page"}],"author":[{"embeddable":true,"href":"https:\/\/www.bayedi.com.tr\/en\/wp-json\/wp\/v2\/users\/1"}],"replies":[{"embeddable":true,"href":"https:\/\/www.bayedi.com.tr\/en\/wp-json\/wp\/v2\/comments?post=906"}],"version-history":[{"count":0,"href":"https:\/\/www.bayedi.com.tr\/en\/wp-json\/wp\/v2\/pages\/906\/revisions"}],"wp:attachment":[{"href":"https:\/\/www.bayedi.com.tr\/en\/wp-json\/wp\/v2\/media?parent=906"}],"curies":[{"name":"wp","href":"https:\/\/api.w.org\/{rel}","templated":true}]}}